{"id":981,"date":"2021-07-02T18:56:06","date_gmt":"2021-07-02T16:56:06","guid":{"rendered":"https:\/\/hudikbrod.se\/?page_id=981"},"modified":"2025-09-20T10:28:16","modified_gmt":"2025-09-20T08:28:16","slug":"vasterbotting","status":"publish","type":"page","link":"https:\/\/hudikbrod.se\/?page_id=981","title":{"rendered":"V\u00e4sterbotting"},"content":{"rendered":"\n<div class=\"wp-block-columns is-layout-flex wp-container-core-columns-is-layout-9d6595d7 wp-block-columns-is-layout-flex\">\n<div class=\"wp-block-column is-layout-flow wp-block-column-is-layout-flow\" style=\"flex-basis:20%\">\n<p class=\"has-larger-font-size\"><strong>\u00d6versikt<\/strong><\/p>\n\n\n\n<div style=\"height:20px\" aria-hidden=\"true\" class=\"wp-block-spacer\"><\/div>\n\n\n\n<p><strong>Matbr\u00f6d<\/strong><\/p>\n\n\n\n<p><a href=\"https:\/\/hudikbrod.se\/?page_id=233\">Levain<\/a><\/p>\n\n\n\n<p><a href=\"https:\/\/hudikbrod.se\/?page_id=236\">K\u00e4rleksbr\u00f6d<\/a><\/p>\n\n\n\n<p><a href=\"https:\/\/hudikbrod.se\/?page_id=238\">Hudik Sol<\/a><\/p>\n\n\n\n<p><a href=\"https:\/\/hudikbrod.se\/?page_id=240\">Fruktn\u00f6tbr\u00f6d<\/a><\/p>\n\n\n\n<p><a href=\"https:\/\/hudikbrod.se\/?page_id=242\">Valn\u00f6tsbr\u00f6d<\/a><\/p>\n\n\n\n<p><a href=\"https:\/\/hudikbrod.se\/?page_id=244\">G\u00e5rdsbr\u00f6d<\/a><\/p>\n\n\n\n<p><a href=\"https:\/\/hudikbrod.se\/?page_id=246\">Danskt r\u00e5gbr\u00f6d<\/a><\/p>\n\n\n\n<p><a href=\"https:\/\/hudikbrod.se\/?page_id=981\" data-type=\"page\" data-id=\"981\">V\u00e4sterbotting<\/a><\/p>\n\n\n\n<p><a href=\"https:\/\/hudikbrod.se\/?page_id=1235\" data-type=\"page\" data-id=\"1235\">Sommarbr\u00f6d<\/a><\/p>\n\n\n\n<p><a href=\"https:\/\/hudikbrod.se\/?page_id=1568\" data-type=\"page\" data-id=\"1568\">Honungslimpa<\/a><\/p>\n\n\n\n<div style=\"height:40px\" aria-hidden=\"true\" class=\"wp-block-spacer\"><\/div>\n\n\n\n<p><strong>Kaffebr\u00f6d<\/strong><\/p>\n\n\n\n<p><a href=\"https:\/\/hudikbrod.se\/?page_id=583\">Toscakaka<\/a><\/p>\n\n\n\n<p><a href=\"https:\/\/hudikbrod.se\/?page_id=844\">\u00c4ppelpirog<\/a><\/p>\n\n\n\n<p>Honungsmazarin<\/p>\n\n\n\n<div style=\"height:40px\" aria-hidden=\"true\" class=\"wp-block-spacer\"><\/div>\n\n\n\n<p><strong>Glutenfritt<\/strong><\/p>\n\n\n\n<p><a href=\"https:\/\/hudikbrod.se\/?page_id=1216\">Gf solros-fruktbr\u00f6d<\/a><\/p>\n\n\n\n<p><a href=\"https:\/\/hudikbrod.se\/?page_id=1218\">Gf fruktn\u00f6tbr\u00f6d<\/a><\/p>\n\n\n\n<p><a href=\"https:\/\/hudikbrod.se\/?page_id=1221\">Andra glutenfria br\u00f6d<\/a><\/p>\n<\/div>\n\n\n\n<div class=\"wp-block-column is-layout-flow wp-block-column-is-layout-flow\" style=\"flex-basis:80%\">\n<figure class=\"wp-block-image size-large\"><img loading=\"lazy\" decoding=\"async\" width=\"1000\" height=\"663\" src=\"https:\/\/hudikbrod.se\/wp-content\/uploads\/2021\/07\/V\u00e4sterbotting-juli-2021.jpg\" alt=\"\" class=\"wp-image-985\" srcset=\"https:\/\/hudikbrod.se\/wp-content\/uploads\/2021\/07\/V\u00e4sterbotting-juli-2021.jpg 1000w, https:\/\/hudikbrod.se\/wp-content\/uploads\/2021\/07\/V\u00e4sterbotting-juli-2021-300x199.jpg 300w, https:\/\/hudikbrod.se\/wp-content\/uploads\/2021\/07\/V\u00e4sterbotting-juli-2021-768x509.jpg 768w\" sizes=\"auto, (max-width: 1000px) 100vw, 1000px\" \/><\/figure>\n\n\n\n<p><\/p>\n\n\n\n<p>\u00c4lskar du att grilla? Eller vill du ha n\u00e5got lite m\u00e4ttande till en god sallad? Eller till kr\u00e4ftorna? D\u00e5 passar V\u00e4sterbottingen perfekt. Det \u00e4r ett l\u00e4tt br\u00f6d med tydlig smak av v\u00e4sterbottenost.<br>\u00c4r det inte felstavat d\u00e5? Nej, vi pratar ju inte om v\u00e4sterbottningar, allts\u00e5 m\u00e4nniskor som bor i V\u00e4sterbotten eller \u00e4r f\u00f6dda d\u00e4r.<br><br>S\u00e4ljs endast p\u00e5 marknader.<\/p>\n\n\n\n<h2 class=\"wp-block-heading\">Ingredienser:<\/h2>\n\n\n\n<p>Durum<strong>vete<\/strong>mj\u00f6l (KRAV) fr\u00e5n Labans kvarn p\u00e5 Gotland, siktat <strong>r\u00e5g<\/strong>mj\u00f6l (dito), aktiv <strong>vete<\/strong>surdeg, v\u00e4sterbotten<strong>ost<\/strong>, svedje<strong>r\u00e5g<\/strong>mj\u00f6l (KRAV) fr\u00e5n Bj\u00f6rs i J\u00e4rvs\u00f6, salt, j\u00e4st, kummin.<\/p>\n\n\n\n<p>Durumvetet \u00e4r ett gulaktigt smakrikt vetemj\u00f6l som \u00e4r odlat och malet p\u00e5 Gotland och ger br\u00f6det en somrig smak.<\/p>\n\n\n\n<p>Pris: 55 kr. <br>Det f\u00f6rekommer \u00e4ven en st\u00f6rre variant f\u00f6r 75 kr<\/p>\n\n\n\n<p>F\u00e4rskh\u00e5llning i rumstemperatur ca 4 dagar, l\u00e4ngre i kylen. <\/p>\n<\/div>\n<\/div>\n","protected":false},"excerpt":{"rendered":"<p>\u00c4lskar du att grilla? Eller vill du ha n\u00e5got lite m\u00e4ttande till en god sallad? Eller till kr\u00e4ftorna? D\u00e5 passar V\u00e4sterbottingen perfekt. Det \u00e4r ett l\u00e4tt br\u00f6d med tydlig smak av v\u00e4sterbottenost.\u00c4r det inte felstavat d\u00e5? Nej, vi pratar ju inte om v\u00e4sterbottningar, allts\u00e5 m\u00e4nniskor som bor i V\u00e4sterbotten eller \u00e4r f\u00f6dda d\u00e4r. S\u00e4ljs endast [&hellip;]<\/p>\n","protected":false},"author":1,"featured_media":0,"parent":0,"menu_order":0,"comment_status":"closed","ping_status":"closed","template":"","meta":{"footnotes":""},"class_list":["post-981","page","type-page","status-publish","hentry"],"_links":{"self":[{"href":"https:\/\/hudikbrod.se\/index.php?rest_route=\/wp\/v2\/pages\/981","targetHints":{"allow":["GET"]}}],"collection":[{"href":"https:\/\/hudikbrod.se\/index.php?rest_route=\/wp\/v2\/pages"}],"about":[{"href":"https:\/\/hudikbrod.se\/index.php?rest_route=\/wp\/v2\/types\/page"}],"author":[{"embeddable":true,"href":"https:\/\/hudikbrod.se\/index.php?rest_route=\/wp\/v2\/users\/1"}],"replies":[{"embeddable":true,"href":"https:\/\/hudikbrod.se\/index.php?rest_route=%2Fwp%2Fv2%2Fcomments&post=981"}],"version-history":[{"count":14,"href":"https:\/\/hudikbrod.se\/index.php?rest_route=\/wp\/v2\/pages\/981\/revisions"}],"predecessor-version":[{"id":1712,"href":"https:\/\/hudikbrod.se\/index.php?rest_route=\/wp\/v2\/pages\/981\/revisions\/1712"}],"wp:attachment":[{"href":"https:\/\/hudikbrod.se\/index.php?rest_route=%2Fwp%2Fv2%2Fmedia&parent=981"}],"curies":[{"name":"wp","href":"https:\/\/api.w.org\/{rel}","templated":true}]}}