{"id":844,"date":"2021-01-12T11:23:42","date_gmt":"2021-01-12T10:23:42","guid":{"rendered":"https:\/\/hudikbrod.se\/?page_id=844"},"modified":"2025-09-20T10:31:05","modified_gmt":"2025-09-20T08:31:05","slug":"appelpirog","status":"publish","type":"page","link":"https:\/\/hudikbrod.se\/?page_id=844","title":{"rendered":"\u00c4ppelpirog"},"content":{"rendered":"\n<div class=\"wp-block-columns is-layout-flex wp-container-core-columns-is-layout-9d6595d7 wp-block-columns-is-layout-flex\">\n<div class=\"wp-block-column is-layout-flow wp-block-column-is-layout-flow\" style=\"flex-basis:80%\">\n<figure class=\"wp-block-image size-large\"><img loading=\"lazy\" decoding=\"async\" width=\"479\" height=\"259\" src=\"https:\/\/hudikbrod.se\/wp-content\/uploads\/2021\/01\/Appelpirogerhemsida.jpg\" alt=\"\" class=\"wp-image-850\" srcset=\"https:\/\/hudikbrod.se\/wp-content\/uploads\/2021\/01\/Appelpirogerhemsida.jpg 479w, https:\/\/hudikbrod.se\/wp-content\/uploads\/2021\/01\/Appelpirogerhemsida-300x162.jpg 300w\" sizes=\"auto, (max-width: 479px) 100vw, 479px\" \/><\/figure>\n\n\n\n<p>De sockerfria \u00e4ppelpirogerna av egenkavlad sm\u00f6rdeg \u00e4r en riktig h\u00f6jdare, tycker m\u00e5nga.<br>De \u00e4r s\u00f6tade med dadlar i st\u00e4llet f\u00f6r socker. <br>De kan \u00e4ven best\u00e4llas, men d\u00e5 20 st \u00e5t g\u00e5ngen. Pirogerna kan frysas.<\/p>\n\n\n\n<h2 class=\"wp-block-heading\">Ingredienser:<\/h2>\n\n\n\n<p><strong>Vetemj\u00f6l<\/strong> (KRAV), <strong>sm\u00f6r <\/strong>(KRAV), \u00e4pple (svinnat), vatten, dadlar (eko),  kanel (eko), \u00e4ttika, salt, <strong>\u00e4ggpensling <\/strong>(KRAV)<\/p>\n\n\n\n<p>Pris: 35 kr.<\/p>\n<\/div>\n\n\n\n<div class=\"wp-block-column is-layout-flow wp-block-column-is-layout-flow\" style=\"flex-basis:20%\">\n<p class=\"has-larger-font-size\"><strong>\u00d6versikt<\/strong><\/p>\n\n\n\n<div style=\"height:20px\" aria-hidden=\"true\" class=\"wp-block-spacer\"><\/div>\n\n\n\n<p><strong>Matbr\u00f6d<\/strong><\/p>\n\n\n\n<p><a href=\"https:\/\/hudikbrod.se\/?page_id=233\">Levain<\/a><\/p>\n\n\n\n<p><a href=\"https:\/\/hudikbrod.se\/?page_id=236\">K\u00e4rleksbr\u00f6d<\/a><\/p>\n\n\n\n<p><a href=\"https:\/\/hudikbrod.se\/?page_id=238\">Hudik Sol<\/a><\/p>\n\n\n\n<p><a href=\"https:\/\/hudikbrod.se\/?page_id=240\">Fruktn\u00f6tbr\u00f6d<\/a><\/p>\n\n\n\n<p><a href=\"https:\/\/hudikbrod.se\/?page_id=242\">Valn\u00f6tsbr\u00f6d<\/a><\/p>\n\n\n\n<p><a href=\"https:\/\/hudikbrod.se\/?page_id=244\">G\u00e5rdsbr\u00f6d<\/a><\/p>\n\n\n\n<p><a href=\"https:\/\/hudikbrod.se\/?page_id=246\">Danskt r\u00e5gbr\u00f6d<\/a><\/p>\n\n\n\n<p><a href=\"https:\/\/hudikbrod.se\/?page_id=981\" data-type=\"page\" data-id=\"981\">V\u00e4sterbotting<\/a><\/p>\n\n\n\n<p><a href=\"https:\/\/hudikbrod.se\/?page_id=1235\" data-type=\"page\" data-id=\"1235\">Sommarbr\u00f6d<\/a><\/p>\n\n\n\n<p><a href=\"https:\/\/hudikbrod.se\/?page_id=1568\" data-type=\"page\" data-id=\"1568\">Honungslimpa<\/a><\/p>\n\n\n\n<div style=\"height:40px\" aria-hidden=\"true\" class=\"wp-block-spacer\"><\/div>\n\n\n\n<p><strong>Kaffebr\u00f6d<\/strong><\/p>\n\n\n\n<p><a href=\"https:\/\/hudikbrod.se\/?page_id=583\">Toscakaka<\/a><\/p>\n\n\n\n<p><a href=\"https:\/\/hudikbrod.se\/?page_id=844\">\u00c4ppelpirog<\/a><\/p>\n\n\n\n<p>Honungsmazarin<\/p>\n\n\n\n<div style=\"height:40px\" aria-hidden=\"true\" class=\"wp-block-spacer\"><\/div>\n\n\n\n<p><strong>Glutenfritt<\/strong><\/p>\n\n\n\n<p><a href=\"https:\/\/hudikbrod.se\/?page_id=1216\">Gf solros-fruktbr\u00f6d<\/a><\/p>\n\n\n\n<p><a href=\"https:\/\/hudikbrod.se\/?page_id=1218\">Gf fruktn\u00f6tbr\u00f6d<\/a><\/p>\n\n\n\n<p><a href=\"https:\/\/hudikbrod.se\/?page_id=1221\">Andra glutenfria br\u00f6d<\/a><\/p>\n<\/div>\n<\/div>\n","protected":false},"excerpt":{"rendered":"<p>De sockerfria \u00e4ppelpirogerna av egenkavlad sm\u00f6rdeg \u00e4r en riktig h\u00f6jdare, tycker m\u00e5nga.De \u00e4r s\u00f6tade med dadlar i st\u00e4llet f\u00f6r socker. De kan \u00e4ven best\u00e4llas, men d\u00e5 20 st \u00e5t g\u00e5ngen. Pirogerna kan frysas. Ingredienser: Vetemj\u00f6l (KRAV), sm\u00f6r (KRAV), \u00e4pple (svinnat), vatten, dadlar (eko), kanel (eko), \u00e4ttika, salt, \u00e4ggpensling (KRAV) Pris: 35 kr.<\/p>\n","protected":false},"author":1,"featured_media":0,"parent":11,"menu_order":0,"comment_status":"closed","ping_status":"closed","template":"","meta":{"footnotes":""},"class_list":["post-844","page","type-page","status-publish","hentry"],"_links":{"self":[{"href":"https:\/\/hudikbrod.se\/index.php?rest_route=\/wp\/v2\/pages\/844","targetHints":{"allow":["GET"]}}],"collection":[{"href":"https:\/\/hudikbrod.se\/index.php?rest_route=\/wp\/v2\/pages"}],"about":[{"href":"https:\/\/hudikbrod.se\/index.php?rest_route=\/wp\/v2\/types\/page"}],"author":[{"embeddable":true,"href":"https:\/\/hudikbrod.se\/index.php?rest_route=\/wp\/v2\/users\/1"}],"replies":[{"embeddable":true,"href":"https:\/\/hudikbrod.se\/index.php?rest_route=%2Fwp%2Fv2%2Fcomments&post=844"}],"version-history":[{"count":12,"href":"https:\/\/hudikbrod.se\/index.php?rest_route=\/wp\/v2\/pages\/844\/revisions"}],"predecessor-version":[{"id":1714,"href":"https:\/\/hudikbrod.se\/index.php?rest_route=\/wp\/v2\/pages\/844\/revisions\/1714"}],"up":[{"embeddable":true,"href":"https:\/\/hudikbrod.se\/index.php?rest_route=\/wp\/v2\/pages\/11"}],"wp:attachment":[{"href":"https:\/\/hudikbrod.se\/index.php?rest_route=%2Fwp%2Fv2%2Fmedia&parent=844"}],"curies":[{"name":"wp","href":"https:\/\/api.w.org\/{rel}","templated":true}]}}