{"id":244,"date":"2020-04-26T15:17:47","date_gmt":"2020-04-26T13:17:47","guid":{"rendered":"https:\/\/hudikbrod.se\/cms\/?page_id=244"},"modified":"2026-03-31T19:41:23","modified_gmt":"2026-03-31T17:41:23","slug":"gardsbrod","status":"publish","type":"page","link":"https:\/\/hudikbrod.se\/?page_id=244","title":{"rendered":"G\u00e5rdsbr\u00f6d"},"content":{"rendered":"\n<div class=\"wp-block-columns is-layout-flex wp-container-core-columns-is-layout-9d6595d7 wp-block-columns-is-layout-flex\">\n<div class=\"wp-block-column is-layout-flow wp-block-column-is-layout-flow\" style=\"flex-basis:80%\">\n<figure class=\"wp-block-image size-large\"><img loading=\"lazy\" decoding=\"async\" width=\"1024\" height=\"683\" src=\"https:\/\/hudikbrod.se\/wp-content\/uploads\/2020\/06\/Gardsbrod02-1024x683.jpg\" alt=\"\" class=\"wp-image-578\" srcset=\"https:\/\/hudikbrod.se\/wp-content\/uploads\/2020\/06\/Gardsbrod02-1024x683.jpg 1024w, https:\/\/hudikbrod.se\/wp-content\/uploads\/2020\/06\/Gardsbrod02-300x200.jpg 300w, https:\/\/hudikbrod.se\/wp-content\/uploads\/2020\/06\/Gardsbrod02-768x512.jpg 768w, https:\/\/hudikbrod.se\/wp-content\/uploads\/2020\/06\/Gardsbrod02.jpg 1200w\" sizes=\"auto, (max-width: 1024px) 100vw, 1024px\" \/><\/figure>\n\n\n\n<p>Ett m\u00f6rkt r\u00e5gbr\u00f6d med mycket smak och l\u00e5ng\nf\u00e4rskh\u00e5llning. Med ett kraftigt p\u00e5l\u00e4gg \u00e4r detta br\u00f6d oslagbart. I SM f\u00f6r\nmathantverk 2016 vann det v\u00e5r f\u00f6rsta guldmedalj.<\/p>\n\n\n\n<h2 class=\"wp-block-heading\">Ingredienser: <\/h2>\n\n\n\n<p>Vatten, <strong>r\u00e5g<\/strong>sikt (KRAV) och fullkorns<strong>r\u00e5g<\/strong>mj\u00f6l (KRAV) fr\u00e5n Labans kvarn p\u00e5 Gotland, aktiv <strong>r\u00e5g<\/strong>surdeg (KRAV), salt, j\u00e4st.<br> Fullkorn: 28%<\/p>\n\n\n\n<p>Vikt: <br>Det stora br\u00f6det drygt 2,5 kg. P\u00e5 marknader s\u00e4ljs \u00e4ven halvor och fj\u00e4rdedelar (&#8220;kvartingar&#8221;). <br>Pris 160 kr f\u00f6r hela br\u00f6d, 90 f\u00f6r halva och 50 f\u00f6r 1\/4.<br>Det lilla br\u00f6d 850 g, pris 69-70 kr.<\/p>\n\n\n\n<h2 class=\"wp-block-heading\">F\u00e4rskh\u00e5llning och f\u00f6rvaring: <\/h2>\n\n\n\n<p>Br\u00f6det har en mycket god f\u00e4rskh\u00e5llning. I br\u00f6dburk\/plastp\u00e5se h\u00e5ller det sig mjukt i \u00f6ver en vecka. \u00c4ven g\u00e5rdsbr\u00f6d som b\u00f6rjar bli gammalt kan rostas och blir v\u00e4ldigt gott d\u00e5.<\/p>\n<\/div>\n\n\n\n<div class=\"wp-block-column is-layout-flow wp-block-column-is-layout-flow\" style=\"flex-basis:20%\">\n<p class=\"has-larger-font-size\"><strong>\u00d6versikt<\/strong><\/p>\n\n\n\n<div style=\"height:20px\" aria-hidden=\"true\" class=\"wp-block-spacer\"><\/div>\n\n\n\n<p><strong>Matbr\u00f6d<\/strong><\/p>\n\n\n\n<p><a href=\"https:\/\/hudikbrod.se\/?page_id=233\">Levain<\/a><\/p>\n\n\n\n<p><a href=\"https:\/\/hudikbrod.se\/?page_id=236\">K\u00e4rleksbr\u00f6d<\/a><\/p>\n\n\n\n<p><a href=\"https:\/\/hudikbrod.se\/?page_id=238\">Hudik Sol<\/a><\/p>\n\n\n\n<p><a href=\"https:\/\/hudikbrod.se\/?page_id=240\">Fruktn\u00f6tbr\u00f6d<\/a><\/p>\n\n\n\n<p><a href=\"https:\/\/hudikbrod.se\/?page_id=242\">Valn\u00f6tsbr\u00f6d<\/a><\/p>\n\n\n\n<p><a href=\"https:\/\/hudikbrod.se\/?page_id=244\">G\u00e5rdsbr\u00f6d<\/a><\/p>\n\n\n\n<p><a href=\"https:\/\/hudikbrod.se\/?page_id=246\">Danskt r\u00e5gbr\u00f6d<\/a><\/p>\n\n\n\n<p><a href=\"https:\/\/hudikbrod.se\/?page_id=981\" data-type=\"page\" data-id=\"981\">V\u00e4sterbotting<\/a><\/p>\n\n\n\n<p><a href=\"https:\/\/hudikbrod.se\/?page_id=1235\" data-type=\"page\" data-id=\"1235\">Sommarbr\u00f6d<\/a><\/p>\n\n\n\n<p><a href=\"https:\/\/hudikbrod.se\/?page_id=1568\" data-type=\"page\" data-id=\"1568\">Honungslimpa<\/a><\/p>\n\n\n\n<div style=\"height:40px\" aria-hidden=\"true\" class=\"wp-block-spacer\"><\/div>\n\n\n\n<p><strong>Kaffebr\u00f6d<\/strong><\/p>\n\n\n\n<p><a href=\"https:\/\/hudikbrod.se\/?page_id=583\">Toscakaka<\/a><\/p>\n\n\n\n<p><a href=\"https:\/\/hudikbrod.se\/?page_id=844\">\u00c4ppelpirog<\/a><\/p>\n\n\n\n<p>Honungsmazarin<\/p>\n\n\n\n<div style=\"height:40px\" aria-hidden=\"true\" class=\"wp-block-spacer\"><\/div>\n\n\n\n<p><strong>Glutenfritt<\/strong><\/p>\n\n\n\n<p><a href=\"https:\/\/hudikbrod.se\/?page_id=1216\">Gf solros-fruktbr\u00f6d<\/a><\/p>\n\n\n\n<p><a href=\"https:\/\/hudikbrod.se\/?page_id=1218\">Gf fruktn\u00f6tbr\u00f6d<\/a><\/p>\n\n\n\n<p><a href=\"https:\/\/hudikbrod.se\/?page_id=1221\">Andra glutenfria br\u00f6d<\/a><\/p>\n<\/div>\n<\/div>\n","protected":false},"excerpt":{"rendered":"<p>Ett m\u00f6rkt r\u00e5gbr\u00f6d med mycket smak och l\u00e5ng f\u00e4rskh\u00e5llning. Med ett kraftigt p\u00e5l\u00e4gg \u00e4r detta br\u00f6d oslagbart. I SM f\u00f6r mathantverk 2016 vann det v\u00e5r f\u00f6rsta guldmedalj. Ingredienser: Vatten, r\u00e5gsikt (KRAV) och fullkornsr\u00e5gmj\u00f6l (KRAV) fr\u00e5n Labans kvarn p\u00e5 Gotland, aktiv r\u00e5gsurdeg (KRAV), salt, j\u00e4st. Fullkorn: 28% Vikt: Det stora br\u00f6det drygt 2,5 kg. P\u00e5 marknader [&hellip;]<\/p>\n","protected":false},"author":1,"featured_media":0,"parent":11,"menu_order":0,"comment_status":"closed","ping_status":"closed","template":"","meta":{"footnotes":""},"class_list":["post-244","page","type-page","status-publish","hentry"],"_links":{"self":[{"href":"https:\/\/hudikbrod.se\/index.php?rest_route=\/wp\/v2\/pages\/244","targetHints":{"allow":["GET"]}}],"collection":[{"href":"https:\/\/hudikbrod.se\/index.php?rest_route=\/wp\/v2\/pages"}],"about":[{"href":"https:\/\/hudikbrod.se\/index.php?rest_route=\/wp\/v2\/types\/page"}],"author":[{"embeddable":true,"href":"https:\/\/hudikbrod.se\/index.php?rest_route=\/wp\/v2\/users\/1"}],"replies":[{"embeddable":true,"href":"https:\/\/hudikbrod.se\/index.php?rest_route=%2Fwp%2Fv2%2Fcomments&post=244"}],"version-history":[{"count":16,"href":"https:\/\/hudikbrod.se\/index.php?rest_route=\/wp\/v2\/pages\/244\/revisions"}],"predecessor-version":[{"id":1801,"href":"https:\/\/hudikbrod.se\/index.php?rest_route=\/wp\/v2\/pages\/244\/revisions\/1801"}],"up":[{"embeddable":true,"href":"https:\/\/hudikbrod.se\/index.php?rest_route=\/wp\/v2\/pages\/11"}],"wp:attachment":[{"href":"https:\/\/hudikbrod.se\/index.php?rest_route=%2Fwp%2Fv2%2Fmedia&parent=244"}],"curies":[{"name":"wp","href":"https:\/\/api.w.org\/{rel}","templated":true}]}}