{"id":240,"date":"2020-04-26T15:16:54","date_gmt":"2020-04-26T13:16:54","guid":{"rendered":"https:\/\/hudikbrod.se\/cms\/?page_id=240"},"modified":"2026-02-25T07:45:07","modified_gmt":"2026-02-25T06:45:07","slug":"fruktnotbrod","status":"publish","type":"page","link":"https:\/\/hudikbrod.se\/?page_id=240","title":{"rendered":"Fruktn\u00f6tbr\u00f6d"},"content":{"rendered":"\n<div class=\"wp-block-columns is-layout-flex wp-container-core-columns-is-layout-9d6595d7 wp-block-columns-is-layout-flex\">\n<div class=\"wp-block-column is-layout-flow wp-block-column-is-layout-flow\" style=\"flex-basis:80%\">\n<figure class=\"wp-block-image alignfull size-large\"><img loading=\"lazy\" decoding=\"async\" width=\"640\" height=\"480\" src=\"https:\/\/hudikbrod.se\/wp-content\/uploads\/2020\/06\/Fruktn\u00f6tbr\u00f6d01.jpg\" alt=\"\" class=\"wp-image-497\" srcset=\"https:\/\/hudikbrod.se\/wp-content\/uploads\/2020\/06\/Fruktn\u00f6tbr\u00f6d01.jpg 640w, https:\/\/hudikbrod.se\/wp-content\/uploads\/2020\/06\/Fruktn\u00f6tbr\u00f6d01-300x225.jpg 300w\" sizes=\"auto, (max-width: 640px) 100vw, 640px\" \/><\/figure>\n\n\n\n<p>Fruktn\u00f6tbr\u00f6det \u00e4r ett av v\u00e5ra mest \u00e4lskade br\u00f6d. M\u00e5nga s\u00e4ger att det \u00e4r lika mycket kaffebr\u00f6d som matbr\u00f6d. Och d\u00e5 f\u00e5r man leta efter nyttigare kaffebr\u00f6d.<\/p>\n\n\n\n<h2 class=\"wp-block-heading\">Ingredienser: <\/h2>\n\n\n\n<p>Vatten, stenmalet <strong>vete<\/strong>mj\u00f6l (KRAV) fr\u00e5n Labans kvarn p\u00e5 Gotland, aktiv <strong>r\u00e5g<\/strong>surdeg, fullkorns<strong>r\u00e5g<\/strong>mj\u00f6l (KRAV) fr\u00e5n Labans kvarn p\u00e5 Gotland, dadlar (eko), fikon (eko), russin (eko), <strong>hasseln\u00f6tter<\/strong> (eko), pumpak\u00e4rnor (eko), j\u00e4st, salt, <strong>sesam <\/strong>(eko) som pynt, sp\u00e5r av kanderad ingef\u00e4ra (eko).<br>Fullkorn 14% + n\u00f6tter och fr\u00f6n.<\/p>\n\n\n\n<p>Vikt ca 620g<\/p>\n\n\n\n<p>Pris ca 75 &#8211; 79 kr  (beroende p\u00e5 \u00e5terf\u00f6rs\u00e4ljare) <\/p>\n\n\n\n<h2 class=\"wp-block-heading\">F\u00e4rskh\u00e5llning och f\u00f6rvaring: <\/h2>\n\n\n\n<p>I br\u00f6dburk\/plastp\u00e5se h\u00e5ller det sig mjukt i \u00f6ver en vecka. Br\u00f6d ska alltid f\u00f6rvaras i rumstemperatur. Tycker du att br\u00f6det b\u00f6rjar bli f\u00f6r fast kan du rosta det. \u00c4ven fruktn\u00f6tbr\u00f6d blir v\u00e4ldigt smakrikt i rosten. T\u00e4nk dock p\u00e5 att rosten kan bli kladdig och f\u00e5 p\u00e5 sig sp\u00e5r av n\u00f6tter (relevant om du har en n\u00f6tallergiker i hush\u00e5llet).<\/p>\n<\/div>\n\n\n\n<div class=\"wp-block-column is-layout-flow wp-block-column-is-layout-flow\" style=\"flex-basis:20%\">\n<p class=\"has-larger-font-size\"><strong>\u00d6versikt<\/strong><\/p>\n\n\n\n<div style=\"height:20px\" aria-hidden=\"true\" class=\"wp-block-spacer\"><\/div>\n\n\n\n<p><strong>Matbr\u00f6d<\/strong><\/p>\n\n\n\n<p><a href=\"https:\/\/hudikbrod.se\/?page_id=233\">Levain<\/a><\/p>\n\n\n\n<p><a href=\"https:\/\/hudikbrod.se\/?page_id=236\">K\u00e4rleksbr\u00f6d<\/a><\/p>\n\n\n\n<p><a href=\"https:\/\/hudikbrod.se\/?page_id=238\">Hudik Sol<\/a><\/p>\n\n\n\n<p><a href=\"https:\/\/hudikbrod.se\/?page_id=240\">Fruktn\u00f6tbr\u00f6d<\/a><\/p>\n\n\n\n<p><a href=\"https:\/\/hudikbrod.se\/?page_id=242\">Valn\u00f6tsbr\u00f6d<\/a><\/p>\n\n\n\n<p><a href=\"https:\/\/hudikbrod.se\/?page_id=244\">G\u00e5rdsbr\u00f6d<\/a><\/p>\n\n\n\n<p><a href=\"https:\/\/hudikbrod.se\/?page_id=246\">Danskt r\u00e5gbr\u00f6d<\/a><\/p>\n\n\n\n<p><a href=\"https:\/\/hudikbrod.se\/?page_id=981\" data-type=\"page\" data-id=\"981\">V\u00e4sterbotting<\/a><\/p>\n\n\n\n<p><a href=\"https:\/\/hudikbrod.se\/?page_id=1235\" data-type=\"page\" data-id=\"1235\">Sommarbr\u00f6d<\/a><\/p>\n\n\n\n<p><a href=\"https:\/\/hudikbrod.se\/?page_id=1568\" data-type=\"page\" data-id=\"1568\">Honungslimpa<\/a><\/p>\n\n\n\n<div style=\"height:40px\" aria-hidden=\"true\" class=\"wp-block-spacer\"><\/div>\n\n\n\n<p><strong>Kaffebr\u00f6d<\/strong><\/p>\n\n\n\n<p><a href=\"https:\/\/hudikbrod.se\/?page_id=583\">Toscakaka<\/a><\/p>\n\n\n\n<p><a href=\"https:\/\/hudikbrod.se\/?page_id=844\">\u00c4ppelpirog<\/a><\/p>\n\n\n\n<p>Honungsmazarin<\/p>\n\n\n\n<div style=\"height:40px\" aria-hidden=\"true\" class=\"wp-block-spacer\"><\/div>\n\n\n\n<p><strong>Glutenfritt<\/strong><\/p>\n\n\n\n<p><a href=\"https:\/\/hudikbrod.se\/?page_id=1216\">Gf solros-fruktbr\u00f6d<\/a><\/p>\n\n\n\n<p><a href=\"https:\/\/hudikbrod.se\/?page_id=1218\">Gf fruktn\u00f6tbr\u00f6d<\/a><\/p>\n\n\n\n<p><a href=\"https:\/\/hudikbrod.se\/?page_id=1221\">Andra glutenfria br\u00f6d<\/a><\/p>\n<\/div>\n<\/div>\n","protected":false},"excerpt":{"rendered":"<p>Fruktn\u00f6tbr\u00f6det \u00e4r ett av v\u00e5ra mest \u00e4lskade br\u00f6d. M\u00e5nga s\u00e4ger att det \u00e4r lika mycket kaffebr\u00f6d som matbr\u00f6d. Och d\u00e5 f\u00e5r man leta efter nyttigare kaffebr\u00f6d. Ingredienser: Vatten, stenmalet vetemj\u00f6l (KRAV) fr\u00e5n Labans kvarn p\u00e5 Gotland, aktiv r\u00e5gsurdeg, fullkornsr\u00e5gmj\u00f6l (KRAV) fr\u00e5n Labans kvarn p\u00e5 Gotland, dadlar (eko), fikon (eko), russin (eko), hasseln\u00f6tter (eko), pumpak\u00e4rnor (eko), [&hellip;]<\/p>\n","protected":false},"author":1,"featured_media":0,"parent":11,"menu_order":0,"comment_status":"closed","ping_status":"closed","template":"","meta":{"footnotes":""},"class_list":["post-240","page","type-page","status-publish","hentry"],"_links":{"self":[{"href":"https:\/\/hudikbrod.se\/index.php?rest_route=\/wp\/v2\/pages\/240","targetHints":{"allow":["GET"]}}],"collection":[{"href":"https:\/\/hudikbrod.se\/index.php?rest_route=\/wp\/v2\/pages"}],"about":[{"href":"https:\/\/hudikbrod.se\/index.php?rest_route=\/wp\/v2\/types\/page"}],"author":[{"embeddable":true,"href":"https:\/\/hudikbrod.se\/index.php?rest_route=\/wp\/v2\/users\/1"}],"replies":[{"embeddable":true,"href":"https:\/\/hudikbrod.se\/index.php?rest_route=%2Fwp%2Fv2%2Fcomments&post=240"}],"version-history":[{"count":22,"href":"https:\/\/hudikbrod.se\/index.php?rest_route=\/wp\/v2\/pages\/240\/revisions"}],"predecessor-version":[{"id":1795,"href":"https:\/\/hudikbrod.se\/index.php?rest_route=\/wp\/v2\/pages\/240\/revisions\/1795"}],"up":[{"embeddable":true,"href":"https:\/\/hudikbrod.se\/index.php?rest_route=\/wp\/v2\/pages\/11"}],"wp:attachment":[{"href":"https:\/\/hudikbrod.se\/index.php?rest_route=%2Fwp%2Fv2%2Fmedia&parent=240"}],"curies":[{"name":"wp","href":"https:\/\/api.w.org\/{rel}","templated":true}]}}