{"id":1720,"date":"2025-09-28T11:20:35","date_gmt":"2025-09-28T09:20:35","guid":{"rendered":"https:\/\/hudikbrod.se\/?page_id=1720"},"modified":"2025-09-29T20:25:11","modified_gmt":"2025-09-29T18:25:11","slug":"vups","status":"publish","type":"page","link":"https:\/\/hudikbrod.se\/?page_id=1720","title":{"rendered":"VUPS"},"content":{"rendered":"\n<p>Bild kommer \ud83d\ude42<\/p>\n\n\n\n<p>Br\u00f6d som bakas i vedugn f\u00e5r en s\u00e4rskilt aromatisk smak och en kraftig skorpa. Ibland \u00e4r br\u00f6den lite svarta nertill. D\u00e5 f\u00e5r man sk\u00e4ra bort n\u00e5gra millimeter. Innanf\u00f6r den svarta skorpan \u00e4r br\u00f6det extra gott.<\/p>\n\n\n\n<p>VUPSen \u00e4r en mycket \u00e4lskad medarbetare. VUPS st\u00e5r f\u00f6r Ved-Ugn P\u00e5 Sl\u00e4p. Den byggdes av min sambo och best\u00e5r av en v\u00e4l isolerad gjutj\u00e4rnsugn och olika utrymmen till allt som beh\u00f6vs.<\/p>\n\n\n\n<p>En vedugn m\u00e5ste ju eldas varsamt i flera timmar innan man kan b\u00f6rja baka. Under tiden kan den sakta rulla till marknaden den ska st\u00e5 p\u00e5 i Hudiksvalls n\u00e4romr\u00e5de.<\/p>\n\n\n\n<p>Under sommarhalv\u00e5ret st\u00e5r den ofta p\u00e5 V\u00e4stra Tullgatan mitt emot restaurang Ester (nedanf\u00f6r Hemk\u00f6p) p\u00e5 fredagar mellan ca kl 13 och kl 16 eller 17. D\u00e5 finns hela sortimentet av surdegsbr\u00f6d och kaffebr\u00f6d samt honung och ibland ostar, sill, \u00e4gg, blomsterarrangemang och annat n\u00e4rproducerat som en minimarknad.<br>Vid d\u00e5ligt v\u00e4der eller andra hinder meddelas p\u00e5 facebook ifall VUPSen uteblir trots annonserat datum. <br><br>2025-\u00e5rs s\u00e4song p\u00e5 V\u00e4stra Tullgatan \u00e4r avslutad.<br><\/p>\n","protected":false},"excerpt":{"rendered":"<p>Bild kommer \ud83d\ude42 Br\u00f6d som bakas i vedugn f\u00e5r en s\u00e4rskilt aromatisk smak och en kraftig skorpa. Ibland \u00e4r br\u00f6den lite svarta nertill. D\u00e5 f\u00e5r man sk\u00e4ra bort n\u00e5gra millimeter. Innanf\u00f6r den svarta skorpan \u00e4r br\u00f6det extra gott. VUPSen \u00e4r en mycket \u00e4lskad medarbetare. VUPS st\u00e5r f\u00f6r Ved-Ugn P\u00e5 Sl\u00e4p. Den byggdes av min sambo [&hellip;]<\/p>\n","protected":false},"author":1,"featured_media":0,"parent":0,"menu_order":0,"comment_status":"closed","ping_status":"closed","template":"","meta":{"footnotes":""},"class_list":["post-1720","page","type-page","status-publish","hentry"],"_links":{"self":[{"href":"https:\/\/hudikbrod.se\/index.php?rest_route=\/wp\/v2\/pages\/1720","targetHints":{"allow":["GET"]}}],"collection":[{"href":"https:\/\/hudikbrod.se\/index.php?rest_route=\/wp\/v2\/pages"}],"about":[{"href":"https:\/\/hudikbrod.se\/index.php?rest_route=\/wp\/v2\/types\/page"}],"author":[{"embeddable":true,"href":"https:\/\/hudikbrod.se\/index.php?rest_route=\/wp\/v2\/users\/1"}],"replies":[{"embeddable":true,"href":"https:\/\/hudikbrod.se\/index.php?rest_route=%2Fwp%2Fv2%2Fcomments&post=1720"}],"version-history":[{"count":4,"href":"https:\/\/hudikbrod.se\/index.php?rest_route=\/wp\/v2\/pages\/1720\/revisions"}],"predecessor-version":[{"id":1734,"href":"https:\/\/hudikbrod.se\/index.php?rest_route=\/wp\/v2\/pages\/1720\/revisions\/1734"}],"wp:attachment":[{"href":"https:\/\/hudikbrod.se\/index.php?rest_route=%2Fwp%2Fv2%2Fmedia&parent=1720"}],"curies":[{"name":"wp","href":"https:\/\/api.w.org\/{rel}","templated":true}]}}