{"id":1568,"date":"2024-09-01T06:56:48","date_gmt":"2024-09-01T04:56:48","guid":{"rendered":"https:\/\/hudikbrod.se\/?page_id=1568"},"modified":"2025-09-20T10:27:10","modified_gmt":"2025-09-20T08:27:10","slug":"honungslimpa","status":"publish","type":"page","link":"https:\/\/hudikbrod.se\/?page_id=1568","title":{"rendered":"Honungslimpa"},"content":{"rendered":"\n<div class=\"wp-block-columns is-layout-flex wp-container-core-columns-is-layout-9d6595d7 wp-block-columns-is-layout-flex\">\n<div class=\"wp-block-column is-layout-flow wp-block-column-is-layout-flow\" style=\"flex-basis:80%\">\n<figure class=\"wp-block-image alignfull size-large\"><img loading=\"lazy\" decoding=\"async\" width=\"2560\" height=\"1920\" src=\"https:\/\/hudikbrod.se\/wp-content\/uploads\/2021\/01\/Ny\u00e5rsl\u00f6ftet-jan-2021-scaled.jpg\" alt=\"\" class=\"wp-image-864\" srcset=\"https:\/\/hudikbrod.se\/wp-content\/uploads\/2021\/01\/Ny\u00e5rsl\u00f6ftet-jan-2021-scaled.jpg 2560w, https:\/\/hudikbrod.se\/wp-content\/uploads\/2021\/01\/Ny\u00e5rsl\u00f6ftet-jan-2021-300x225.jpg 300w\" sizes=\"auto, (max-width: 2560px) 100vw, 2560px\" \/><\/figure>\n\n\n\n<p>Det h\u00e4r br\u00f6det \u00e4r extra saftigt och runt i smaken genom n\u00e4rproducerad honung samt svinnad potatis fr\u00e5n ICA Tr\u00e4ffpunkten. Ett br\u00f6d som passar till allt.<br>S\u00e4ljs endast p\u00e5 marknader.<\/p>\n\n\n\n<h2 class=\"wp-block-heading\">Ingredienser:<\/h2>\n\n\n\n<p>Vatten, <strong>vete<\/strong>mj\u00f6l (KRAV) fr\u00e5n Labans kvarn p\u00e5 Gotland, svinnad potatis, <strong>r\u00e5g<\/strong>surdeg, svedje<strong>r\u00e5g<\/strong>mj\u00f6l (KRAV) fr\u00e5n Bj\u00f6rs i J\u00e4rvs\u00f6, honung (KRAV) fr\u00e5n Trogsta honung i Forsa, salt, sirap, j\u00e4st<\/p>\n\n\n\n<p>Pris: 50 kr.<\/p>\n\n\n\n<p>F\u00e4rskh\u00e5llning i rumstemperatur ca 5 dagar.<\/p>\n<\/div>\n\n\n\n<div class=\"wp-block-column is-layout-flow wp-block-column-is-layout-flow\" style=\"flex-basis:20%\">\n<p class=\"has-larger-font-size\"><strong>\u00d6versikt<\/strong><\/p>\n\n\n\n<div style=\"height:20px\" aria-hidden=\"true\" class=\"wp-block-spacer\"><\/div>\n\n\n\n<p><strong>Matbr\u00f6d<\/strong><\/p>\n\n\n\n<p><a href=\"https:\/\/hudikbrod.se\/?page_id=233\">Levain<\/a><\/p>\n\n\n\n<p><a href=\"https:\/\/hudikbrod.se\/?page_id=236\">K\u00e4rleksbr\u00f6d<\/a><\/p>\n\n\n\n<p><a href=\"https:\/\/hudikbrod.se\/?page_id=238\">Hudik Sol<\/a><\/p>\n\n\n\n<p><a href=\"https:\/\/hudikbrod.se\/?page_id=240\">Fruktn\u00f6tbr\u00f6d<\/a><\/p>\n\n\n\n<p><a href=\"https:\/\/hudikbrod.se\/?page_id=242\">Valn\u00f6tsbr\u00f6d<\/a><\/p>\n\n\n\n<p><a href=\"https:\/\/hudikbrod.se\/?page_id=244\">G\u00e5rdsbr\u00f6d<\/a><\/p>\n\n\n\n<p><a href=\"https:\/\/hudikbrod.se\/?page_id=246\">Danskt r\u00e5gbr\u00f6d<\/a><\/p>\n\n\n\n<p><a href=\"https:\/\/hudikbrod.se\/?page_id=981\" data-type=\"page\" data-id=\"981\">V\u00e4sterbotting<\/a><\/p>\n\n\n\n<p><a href=\"https:\/\/hudikbrod.se\/?page_id=1235\" data-type=\"page\" data-id=\"1235\">Sommarbr\u00f6d<\/a><\/p>\n\n\n\n<p><a href=\"https:\/\/hudikbrod.se\/?page_id=1568\" data-type=\"page\" data-id=\"1568\">Honungslimpa<\/a><\/p>\n\n\n\n<div style=\"height:40px\" aria-hidden=\"true\" class=\"wp-block-spacer\"><\/div>\n\n\n\n<p><strong>Kaffebr\u00f6d<\/strong><\/p>\n\n\n\n<p><a href=\"https:\/\/hudikbrod.se\/?page_id=583\">Toscakaka<\/a><\/p>\n\n\n\n<p><a href=\"https:\/\/hudikbrod.se\/?page_id=844\">\u00c4ppelpirog<\/a><\/p>\n\n\n\n<p>Honungsmazarin<\/p>\n\n\n\n<div style=\"height:40px\" aria-hidden=\"true\" class=\"wp-block-spacer\"><\/div>\n\n\n\n<p><strong>Glutenfritt<\/strong><\/p>\n\n\n\n<p><a href=\"https:\/\/hudikbrod.se\/?page_id=1216\">Gf solros-fruktbr\u00f6d<\/a><\/p>\n\n\n\n<p><a href=\"https:\/\/hudikbrod.se\/?page_id=1218\">Gf fruktn\u00f6tbr\u00f6d<\/a><\/p>\n\n\n\n<p><a href=\"https:\/\/hudikbrod.se\/?page_id=1221\">Andra glutenfria br\u00f6d<\/a><\/p>\n<\/div>\n<\/div>\n","protected":false},"excerpt":{"rendered":"<p>Det h\u00e4r br\u00f6det \u00e4r extra saftigt och runt i smaken genom n\u00e4rproducerad honung samt svinnad potatis fr\u00e5n ICA Tr\u00e4ffpunkten. Ett br\u00f6d som passar till allt.S\u00e4ljs endast p\u00e5 marknader. Ingredienser: Vatten, vetemj\u00f6l (KRAV) fr\u00e5n Labans kvarn p\u00e5 Gotland, svinnad potatis, r\u00e5gsurdeg, svedjer\u00e5gmj\u00f6l (KRAV) fr\u00e5n Bj\u00f6rs i J\u00e4rvs\u00f6, honung (KRAV) fr\u00e5n Trogsta honung i Forsa, salt, sirap, [&hellip;]<\/p>\n","protected":false},"author":1,"featured_media":0,"parent":0,"menu_order":0,"comment_status":"closed","ping_status":"closed","template":"","meta":{"footnotes":""},"class_list":["post-1568","page","type-page","status-publish","hentry"],"_links":{"self":[{"href":"https:\/\/hudikbrod.se\/index.php?rest_route=\/wp\/v2\/pages\/1568","targetHints":{"allow":["GET"]}}],"collection":[{"href":"https:\/\/hudikbrod.se\/index.php?rest_route=\/wp\/v2\/pages"}],"about":[{"href":"https:\/\/hudikbrod.se\/index.php?rest_route=\/wp\/v2\/types\/page"}],"author":[{"embeddable":true,"href":"https:\/\/hudikbrod.se\/index.php?rest_route=\/wp\/v2\/users\/1"}],"replies":[{"embeddable":true,"href":"https:\/\/hudikbrod.se\/index.php?rest_route=%2Fwp%2Fv2%2Fcomments&post=1568"}],"version-history":[{"count":3,"href":"https:\/\/hudikbrod.se\/index.php?rest_route=\/wp\/v2\/pages\/1568\/revisions"}],"predecessor-version":[{"id":1711,"href":"https:\/\/hudikbrod.se\/index.php?rest_route=\/wp\/v2\/pages\/1568\/revisions\/1711"}],"wp:attachment":[{"href":"https:\/\/hudikbrod.se\/index.php?rest_route=%2Fwp%2Fv2%2Fmedia&parent=1568"}],"curies":[{"name":"wp","href":"https:\/\/api.w.org\/{rel}","templated":true}]}}