{"id":1216,"date":"2022-07-11T20:49:56","date_gmt":"2022-07-11T18:49:56","guid":{"rendered":"https:\/\/hudikbrod.se\/?page_id=1216"},"modified":"2025-10-03T06:32:34","modified_gmt":"2025-10-03T04:32:34","slug":"glutenfritt-solros-fruktbrod","status":"publish","type":"page","link":"https:\/\/hudikbrod.se\/?page_id=1216","title":{"rendered":"Glutenfritt solros-fruktbr\u00f6d"},"content":{"rendered":"\n<div class=\"wp-block-columns is-layout-flex wp-container-core-columns-is-layout-9d6595d7 wp-block-columns-is-layout-flex\">\n<div class=\"wp-block-column is-layout-flow wp-block-column-is-layout-flow\" style=\"flex-basis:80%\">\n<figure class=\"wp-block-image size-large\"><img loading=\"lazy\" decoding=\"async\" width=\"200\" height=\"200\" src=\"https:\/\/hudikbrod.se\/wp-content\/uploads\/2022\/07\/SF-till-hemsidan.jpg\" alt=\"\" class=\"wp-image-1215\" srcset=\"https:\/\/hudikbrod.se\/wp-content\/uploads\/2022\/07\/SF-till-hemsidan.jpg 200w, https:\/\/hudikbrod.se\/wp-content\/uploads\/2022\/07\/SF-till-hemsidan-150x150.jpg 150w\" sizes=\"auto, (max-width: 200px) 100vw, 200px\" \/><\/figure>\n\n\n\n<p>Detta br\u00f6d \u00e4r b\u00e5de glutenfritt och mj\u00f6lkfritt. Det \u00e4r bakat av naturligt glutenfria ingredienser och mycket saftigt genom de torkade frukterna. Dessutom inneh\u00e5ller det mycket fullkorn och fibrer.<\/p>\n\n\n\n<h2 class=\"wp-block-heading\">Ingredienser:<\/h2>\n\n\n\n<p>Ingredienser: Vatten, havresurdeg (glutenfri havre)*, bovetemj\u00f6l*, teffmj\u00f6l*, bovetekross*, dadlar*, russin*, fikon*, solrosfr\u00f6n*, pumpak\u00e4rnor*, majsst\u00e4rkelse*, psylliumhusk*, salt, j\u00e4st.<br><br>* ekologisk r\u00e5vara.<br><br>Obs: Pga varierande tillg\u00e5ng p\u00e5 r\u00e5varor kan det ibland f\u00f6rekomma avvikelser fr\u00e5n denna ingredienslista. Kolla d\u00e4rf\u00f6r g\u00e4rna etiketten innan du \u00f6ppnar f\u00f6rpackningen.<\/p>\n\n\n\n<p>Vikt ca 625 g.<\/p>\n\n\n\n<p>Pris: 99 kr.<\/p>\n\n\n\n<p>Br\u00f6det s\u00e4ljs fryst och skivat eftersom h\u00e5llbarheten i tinat tillst\u00e5nd \u00e4r f\u00e5 dagar.<\/p>\n<\/div>\n\n\n\n<div class=\"wp-block-column is-layout-flow wp-block-column-is-layout-flow\" style=\"flex-basis:20%\">\n<p class=\"has-larger-font-size\"><strong>\u00d6versikt<\/strong><\/p>\n\n\n\n<div style=\"height:20px\" aria-hidden=\"true\" class=\"wp-block-spacer\"><\/div>\n\n\n\n<p><strong>Matbr\u00f6d<\/strong><\/p>\n\n\n\n<p><a href=\"https:\/\/hudikbrod.se\/?page_id=233\">Levain<\/a><\/p>\n\n\n\n<p><a href=\"https:\/\/hudikbrod.se\/?page_id=236\">K\u00e4rleksbr\u00f6d<\/a><\/p>\n\n\n\n<p><a href=\"https:\/\/hudikbrod.se\/?page_id=238\">Hudik Sol<\/a><\/p>\n\n\n\n<p><a href=\"https:\/\/hudikbrod.se\/?page_id=240\">Fruktn\u00f6tbr\u00f6d<\/a><\/p>\n\n\n\n<p><a href=\"https:\/\/hudikbrod.se\/?page_id=242\">Valn\u00f6tsbr\u00f6d<\/a><\/p>\n\n\n\n<p><a href=\"https:\/\/hudikbrod.se\/?page_id=244\">G\u00e5rdsbr\u00f6d<\/a><\/p>\n\n\n\n<p><a href=\"https:\/\/hudikbrod.se\/?page_id=246\">Danskt r\u00e5gbr\u00f6d<\/a><\/p>\n\n\n\n<p><a href=\"https:\/\/hudikbrod.se\/?page_id=981\" data-type=\"page\" data-id=\"981\">V\u00e4sterbotting<\/a><\/p>\n\n\n\n<p><a href=\"https:\/\/hudikbrod.se\/?page_id=1235\" data-type=\"page\" data-id=\"1235\">Sommarbr\u00f6d<\/a><\/p>\n\n\n\n<p><a href=\"https:\/\/hudikbrod.se\/?page_id=1568\" data-type=\"page\" data-id=\"1568\">Honungslimpa<\/a><\/p>\n\n\n\n<div style=\"height:40px\" aria-hidden=\"true\" class=\"wp-block-spacer\"><\/div>\n\n\n\n<p><strong>Kaffebr\u00f6d<\/strong><\/p>\n\n\n\n<p><a href=\"https:\/\/hudikbrod.se\/?page_id=583\">Toscakaka<\/a><\/p>\n\n\n\n<p><a href=\"https:\/\/hudikbrod.se\/?page_id=844\">\u00c4ppelpirog<\/a><\/p>\n\n\n\n<p>Honungsmazarin<\/p>\n\n\n\n<div style=\"height:40px\" aria-hidden=\"true\" class=\"wp-block-spacer\"><\/div>\n\n\n\n<p><strong>Glutenfritt<\/strong><\/p>\n\n\n\n<p><a href=\"https:\/\/hudikbrod.se\/?page_id=1216\">Gf solros-fruktbr\u00f6d<\/a><\/p>\n\n\n\n<p><a href=\"https:\/\/hudikbrod.se\/?page_id=1218\">Gf fruktn\u00f6tbr\u00f6d<\/a><\/p>\n\n\n\n<p><a href=\"https:\/\/hudikbrod.se\/?page_id=1221\">Andra glutenfria br\u00f6d<\/a><\/p>\n<\/div>\n<\/div>\n","protected":false},"excerpt":{"rendered":"<p>Detta br\u00f6d \u00e4r b\u00e5de glutenfritt och mj\u00f6lkfritt. Det \u00e4r bakat av naturligt glutenfria ingredienser och mycket saftigt genom de torkade frukterna. Dessutom inneh\u00e5ller det mycket fullkorn och fibrer. Ingredienser: Ingredienser: Vatten, havresurdeg (glutenfri havre)*, bovetemj\u00f6l*, teffmj\u00f6l*, bovetekross*, dadlar*, russin*, fikon*, solrosfr\u00f6n*, pumpak\u00e4rnor*, majsst\u00e4rkelse*, psylliumhusk*, salt, j\u00e4st. * ekologisk r\u00e5vara. Obs: Pga varierande tillg\u00e5ng p\u00e5 r\u00e5varor [&hellip;]<\/p>\n","protected":false},"author":1,"featured_media":0,"parent":0,"menu_order":0,"comment_status":"closed","ping_status":"closed","template":"","meta":{"footnotes":""},"class_list":["post-1216","page","type-page","status-publish","hentry"],"_links":{"self":[{"href":"https:\/\/hudikbrod.se\/index.php?rest_route=\/wp\/v2\/pages\/1216","targetHints":{"allow":["GET"]}}],"collection":[{"href":"https:\/\/hudikbrod.se\/index.php?rest_route=\/wp\/v2\/pages"}],"about":[{"href":"https:\/\/hudikbrod.se\/index.php?rest_route=\/wp\/v2\/types\/page"}],"author":[{"embeddable":true,"href":"https:\/\/hudikbrod.se\/index.php?rest_route=\/wp\/v2\/users\/1"}],"replies":[{"embeddable":true,"href":"https:\/\/hudikbrod.se\/index.php?rest_route=%2Fwp%2Fv2%2Fcomments&post=1216"}],"version-history":[{"count":5,"href":"https:\/\/hudikbrod.se\/index.php?rest_route=\/wp\/v2\/pages\/1216\/revisions"}],"predecessor-version":[{"id":1747,"href":"https:\/\/hudikbrod.se\/index.php?rest_route=\/wp\/v2\/pages\/1216\/revisions\/1747"}],"wp:attachment":[{"href":"https:\/\/hudikbrod.se\/index.php?rest_route=%2Fwp%2Fv2%2Fmedia&parent=1216"}],"curies":[{"name":"wp","href":"https:\/\/api.w.org\/{rel}","templated":true}]}}