{"id":12,"date":"2019-12-28T17:08:05","date_gmt":"2019-12-28T16:08:05","guid":{"rendered":"http:\/\/hudikbrod.se\/cms\/?page_id=12"},"modified":"2026-04-26T08:40:23","modified_gmt":"2026-04-26T06:40:23","slug":"verkauf","status":"publish","type":"page","link":"https:\/\/hudikbrod.se\/?page_id=12","title":{"rendered":"F\u00f6rs\u00e4ljningsst\u00e4llen:"},"content":{"rendered":"\n<p>P\u00e5 grund av f\u00f6r\u00e4ndringar i f\u00f6retagets struktur kommer butiksleveranser att ske endast <strong>en g\u00e5ng i veckan<\/strong> <strong>p\u00e5 torsdagar ca kl 17<\/strong> fr o m vecka 18. Vissa veckor kommer de att utebli pga semester eller krock med marknader.<\/p>\n\n\n\n<ul class=\"wp-block-list\">\n<li><a href=\"https:\/\/www.facebook.com\/IcaNaraTraffpunkten\/\" target=\"_blank\" rel=\"noreferrer noopener\">ICA Tr\u00e4ffpunkten<\/a>, Djupegatan 47, Hudiksvall, s\u00e4ljer f\u00e4rskt br\u00f6d, glutenfritt br\u00f6d i br\u00f6dfrysen samt kallpressade havregryn i flinghyllan.<\/li>\n\n\n\n<li><a href=\"https:\/\/www.facebook.com\/icasupermarkethasta\">ICA H\u00e5sta<\/a>, V\u00e4stra v\u00e4gen 9, Hudiksvall, 0650-94875 s\u00e4ljer f\u00e4rskt br\u00f6d, samt glutenfritt br\u00f6d i glutenfrifrysen.<\/li>\n\n\n\n<li><a href=\"https:\/\/www.facebook.com\/profile.php?id=100057148732648\">ICA Forsa<\/a>, Lundv\u00e4gen 35, S\u00f6rforsa, tel 0650-23405, s\u00e4ljer f\u00e4rskt br\u00f6d.<\/li>\n\n\n\n<li><a href=\"https:\/\/halsokraft.se\/butiker\/hudiksvall\">H\u00e4lsokraft<\/a>, i Guldsmeden i Hudiksvall, glutenfritt fryst br\u00f6d.<\/li>\n\n\n\n<li><a aria-label=\" (opens in a new tab)\" href=\"https:\/\/www.facebook.com\/pages\/category\/Specialty-Grocery-Store\/Wij-%C3%84ggbod-482475838501855\/\" target=\"_blank\" rel=\"noreferrer noopener\">Wij \u00e4ggbod<\/a>, Wij 708, Delsbo, mitt emot forng\u00e5rden s\u00e4ljer f\u00e4rskt br\u00f6d p\u00e5 torsdagar och fredagar och fryst br\u00f6d andra dagar.<\/li>\n\n\n\n<li><a href=\"https:\/\/www.facebook.com\/profile.php?id=61554765509363\">Hedvigs restaurang<\/a>, K\u00f6pmang 28, Delsbo, s\u00e4ljer v\u00e5rt frysta glutenfria br\u00f6d.<\/li>\n\n\n\n<li><a href=\"https:\/\/www.facebook.com\/search\/top?q=jailbakers\">Dack\u00e5s<\/a>, Hamngatan 9, Hudiksvall, s\u00e4ljer v\u00e5rt frysta glutenfria br\u00f6d.<br><\/li>\n\n\n\n<li><strong><a href=\"https:\/\/hudikbrod.se\/?page_id=1720\">VUPS<\/a><\/strong> = <strong>V<\/strong>ed-<strong>U<\/strong>gn <strong>p<\/strong>\u00e5 <strong>S<\/strong>l\u00e4p: <br>Snett emot restaurang Ester p\u00e5 g\u00e5gatan nedanf\u00f6r Salutorget och Hemk\u00f6p ca kl 12 &#8211; 16 eller lite l\u00e4ngre. Planerade fredagar \u00e4r tills vidare:<br><strong>torsdag 30 april, fredagar 8 maj, 15 maj, 22 maj, 29 maj<\/strong><\/li>\n\n\n\n<li><strong>Marknader mm:<\/strong><br>V\u00e5rmarknad p\u00e5 Hj\u00e4lp Till Liv, Granebov\u00e4gen, Hudiksvall <strong>l\u00f6rdag 2 maj<\/strong><br><\/li>\n<\/ul>\n\n\n\n<p>Restauranger o d som serverar v\u00e5ra produkter:<\/p>\n\n\n\n<ul class=\"wp-block-list\">\n<li><strong>Miss Sara<\/strong>, <a aria-label=\" (opens in a new tab)\" href=\"https:\/\/www.misssarabar.com\/\" target=\"_blank\" rel=\"noreferrer noopener\">hemsida<\/a>, <a aria-label=\" (opens in a new tab)\" href=\"https:\/\/www.facebook.com\/misssarahudiksvall\/\" target=\"_blank\" rel=\"noreferrer noopener\">facebook<\/a><\/li>\n\n\n\n<li><strong>M\u00f6ljens Caf\u00e9 och Grill<\/strong>, <a aria-label=\" (opens in a new tab)\" href=\"https:\/\/www.moljen.se\/\" target=\"_blank\" rel=\"noreferrer noopener\">hemsida<\/a>, <a aria-label=\" (opens in a new tab)\" href=\"https:\/\/www.facebook.com\/M%C3%B6ljen-caf%C3%A9-grill-550834548402797\/\" target=\"_blank\" rel=\"noreferrer noopener\">facebook<\/a>.<\/li>\n\n\n\n<li><strong><a href=\"https:\/\/gysingeherrgard.se\">Gysinge Herrg\u00e5rd<\/a><\/strong><\/li>\n\n\n\n<li><strong><a href=\"https:\/\/magnusk\u00f6k.se\/kottbaren-2\/\">K\u00f6ttbaren <\/a><\/strong>i Hudiksvall<\/li>\n\n\n\n<li><strong>Systrarna S\u00f6derstr\u00f6m<\/strong>, <a aria-label=\"hemsida (opens in a new tab)\" href=\"https:\/\/systrarnas.se\/\" target=\"_blank\" rel=\"noreferrer noopener\">hemsida<\/a>, <a aria-label=\" (opens in a new tab)\" href=\"https:\/\/www.facebook.com\/systrarnas.se\/\" target=\"_blank\" rel=\"noreferrer noopener\">facebook<\/a> <\/li>\n\n\n\n<li><strong><a href=\"https:\/\/www.vaxbokvarn.se\/krogen\">V\u00e4xbo Krog<\/a><\/strong>, V\u00e4xbo Kvarn 2924, 821 95 Bolln\u00e4s<\/li>\n<\/ul>\n\n\n\n<h2 class=\"wp-block-heading\">Best\u00e4llning:<\/h2>\n\n\n\n<p>Du kan best\u00e4lla br\u00f6d. Var ute i god tid f\u00f6r att se om dina behov g\u00e5r ihop med n\u00e5gon bakdag.<br>Best\u00e4ll hos mig p\u00e5 mejl info@hudikbrod.se eller telefon 070-3062511 (ej facebook, eftersom jag inte kollar det regelbundet!).<\/p>\n","protected":false},"excerpt":{"rendered":"<p>P\u00e5 grund av f\u00f6r\u00e4ndringar i f\u00f6retagets struktur kommer butiksleveranser att ske endast en g\u00e5ng i veckan p\u00e5 torsdagar ca kl 17 fr o m vecka 18. Vissa veckor kommer de att utebli pga semester eller krock med marknader. Restauranger o d som serverar v\u00e5ra produkter: Best\u00e4llning: Du kan best\u00e4lla br\u00f6d. Var ute i god tid [&hellip;]<\/p>\n","protected":false},"author":1,"featured_media":0,"parent":0,"menu_order":0,"comment_status":"closed","ping_status":"closed","template":"","meta":{"footnotes":""},"class_list":["post-12","page","type-page","status-publish","hentry"],"_links":{"self":[{"href":"https:\/\/hudikbrod.se\/index.php?rest_route=\/wp\/v2\/pages\/12","targetHints":{"allow":["GET"]}}],"collection":[{"href":"https:\/\/hudikbrod.se\/index.php?rest_route=\/wp\/v2\/pages"}],"about":[{"href":"https:\/\/hudikbrod.se\/index.php?rest_route=\/wp\/v2\/types\/page"}],"author":[{"embeddable":true,"href":"https:\/\/hudikbrod.se\/index.php?rest_route=\/wp\/v2\/users\/1"}],"replies":[{"embeddable":true,"href":"https:\/\/hudikbrod.se\/index.php?rest_route=%2Fwp%2Fv2%2Fcomments&post=12"}],"version-history":[{"count":239,"href":"https:\/\/hudikbrod.se\/index.php?rest_route=\/wp\/v2\/pages\/12\/revisions"}],"predecessor-version":[{"id":1809,"href":"https:\/\/hudikbrod.se\/index.php?rest_route=\/wp\/v2\/pages\/12\/revisions\/1809"}],"wp:attachment":[{"href":"https:\/\/hudikbrod.se\/index.php?rest_route=%2Fwp%2Fv2%2Fmedia&parent=12"}],"curies":[{"name":"wp","href":"https:\/\/api.w.org\/{rel}","templated":true}]}}